{"id":7,"date":"2024-02-06T16:47:45","date_gmt":"2024-02-06T19:47:45","guid":{"rendered":"https:\/\/fayer.com.br\/?page_id=7"},"modified":"2024-08-03T22:55:08","modified_gmt":"2024-08-04T01:55:08","slug":"planos","status":"publish","type":"page","link":"https:\/\/fayer.com.br\/","title":{"rendered":"planos"},"content":{"rendered":"\t\t<div data-elementor-type=\"wp-page\" data-elementor-id=\"7\" class=\"elementor elementor-7\">\n\t\t\t\t<div class=\"elementor-element elementor-element-62a5e645 e-con-full e-flex e-con e-parent\" data-id=\"62a5e645\" data-element_type=\"container\" data-settings=\"{&quot;background_background&quot;:&quot;classic&quot;,&quot;content_width&quot;:&quot;full&quot;}\" data-core-v316-plus=\"true\">\n\t\t\t\t<div class=\"elementor-element elementor-element-6bdd72c7 elementor-widget elementor-widget-image\" data-id=\"6bdd72c7\" data-element_type=\"widget\" data-widget_type=\"image.default\">\n\t\t\t\t<div class=\"elementor-widget-container\">\n\t\t\t<style>\/*! elementor - v3.19.0 - 05-02-2024 *\/\n.elementor-widget-image{text-align:center}.elementor-widget-image a{display:inline-block}.elementor-widget-image a img[src$=\".svg\"]{width:48px}.elementor-widget-image img{vertical-align:middle;display:inline-block}<\/style>\t\t\t\t\t\t\t\t\t\t<img fetchpriority=\"high\" decoding=\"async\" width=\"500\" height=\"500\" src=\"https:\/\/fayer.com.br\/wp-content\/uploads\/2024\/08\/marketing-500p.png\" class=\"attachment-large size-large wp-image-62\" alt=\"\" srcset=\"https:\/\/fayer.com.br\/wp-content\/uploads\/2024\/08\/marketing-500p.png 500w, https:\/\/fayer.com.br\/wp-content\/uploads\/2024\/08\/marketing-500p-300x300.png 300w, https:\/\/fayer.com.br\/wp-content\/uploads\/2024\/08\/marketing-500p-150x150.png 150w\" sizes=\"(max-width: 500px) 100vw, 500px\" \/>\t\t\t\t\t\t\t\t\t\t\t\t\t<\/div>\n\t\t\t\t<\/div>\n\t\t\t\t<div class=\"elementor-element elementor-element-2d46fa33 elementor-align-center elementor-widget elementor-widget-button\" data-id=\"2d46fa33\" data-element_type=\"widget\" data-widget_type=\"button.default\">\n\t\t\t\t<div class=\"elementor-widget-container\">\n\t\t\t\t\t<div class=\"elementor-button-wrapper\">\n\t\t\t<a class=\"elementor-button elementor-button-link elementor-size-xs\" href=\"https:\/\/api.whatsapp.com\/send?phone=5532984869729&#038;text=ATENDIMENTO%20SITE\">\n\t\t\t\t\t\t<span class=\"elementor-button-content-wrapper\">\n\t\t\t\t\t\t<span class=\"elementor-button-text\">atendimento por whatsapp<\/span>\n\t\t<\/span>\n\t\t\t\t\t<\/a>\n\t\t<\/div>\n\t\t\t\t<\/div>\n\t\t\t\t<\/div>\n\t\t\t\t<div class=\"elementor-element elementor-element-2edc4726 elementor-widget elementor-widget-image\" data-id=\"2edc4726\" data-element_type=\"widget\" data-widget_type=\"image.default\">\n\t\t\t\t<div class=\"elementor-widget-container\">\n\t\t\t\t\t\t\t\t\t\t\t\t\t<img decoding=\"async\" width=\"456\" height=\"119\" src=\"https:\/\/fayer.com.br\/wp-content\/uploads\/2024\/05\/feed.png\" class=\"attachment-large size-large wp-image-25\" alt=\"\" srcset=\"https:\/\/fayer.com.br\/wp-content\/uploads\/2024\/05\/feed.png 456w, https:\/\/fayer.com.br\/wp-content\/uploads\/2024\/05\/feed-300x78.png 300w\" sizes=\"(max-width: 456px) 100vw, 456px\" \/>\t\t\t\t\t\t\t\t\t\t\t\t\t<\/div>\n\t\t\t\t<\/div>\n\t\t\t\t<div class=\"elementor-element elementor-element-1cc9bfad elementor-widget elementor-widget-image\" data-id=\"1cc9bfad\" data-element_type=\"widget\" data-widget_type=\"image.default\">\n\t\t\t\t<div class=\"elementor-widget-container\">\n\t\t\t\t\t\t\t\t\t\t\t\t\t<img decoding=\"async\" width=\"1024\" height=\"1024\" src=\"https:\/\/fayer.com.br\/wp-content\/uploads\/2024\/05\/Mkp-Cel-Feed-1-1024x1024.png\" class=\"attachment-large size-large wp-image-26\" alt=\"\" srcset=\"https:\/\/fayer.com.br\/wp-content\/uploads\/2024\/05\/Mkp-Cel-Feed-1-1024x1024.png 1024w, https:\/\/fayer.com.br\/wp-content\/uploads\/2024\/05\/Mkp-Cel-Feed-1-300x300.png 300w, https:\/\/fayer.com.br\/wp-content\/uploads\/2024\/05\/Mkp-Cel-Feed-1-150x150.png 150w, https:\/\/fayer.com.br\/wp-content\/uploads\/2024\/05\/Mkp-Cel-Feed-1-768x768.png 768w, https:\/\/fayer.com.br\/wp-content\/uploads\/2024\/05\/Mkp-Cel-Feed-1-1536x1536.png 1536w, https:\/\/fayer.com.br\/wp-content\/uploads\/2024\/05\/Mkp-Cel-Feed-1.png 2000w\" sizes=\"(max-width: 1024px) 100vw, 1024px\" \/>\t\t\t\t\t\t\t\t\t\t\t\t\t<\/div>\n\t\t\t\t<\/div>\n\t\t\t\t<div class=\"elementor-element elementor-element-3be41ca6 elementor-widget elementor-widget-image\" data-id=\"3be41ca6\" data-element_type=\"widget\" data-widget_type=\"image.default\">\n\t\t\t\t<div class=\"elementor-widget-container\">\n\t\t\t\t\t\t\t\t\t\t\t\t\t<img loading=\"lazy\" decoding=\"async\" width=\"456\" height=\"119\" src=\"https:\/\/fayer.com.br\/wp-content\/uploads\/2024\/05\/reels.png\" class=\"attachment-large size-large wp-image-27\" alt=\"\" srcset=\"https:\/\/fayer.com.br\/wp-content\/uploads\/2024\/05\/reels.png 456w, https:\/\/fayer.com.br\/wp-content\/uploads\/2024\/05\/reels-300x78.png 300w\" sizes=\"(max-width: 456px) 100vw, 456px\" \/>\t\t\t\t\t\t\t\t\t\t\t\t\t<\/div>\n\t\t\t\t<\/div>\n\t\t\t\t<div class=\"elementor-element elementor-element-5626cbed elementor-widget elementor-widget-video\" data-id=\"5626cbed\" data-element_type=\"widget\" data-settings=\"{&quot;youtube_url&quot;:&quot;https:\\\/\\\/youtu.be\\\/-JQiLdjlGZA&quot;,&quot;video_type&quot;:&quot;youtube&quot;,&quot;controls&quot;:&quot;yes&quot;}\" data-widget_type=\"video.default\">\n\t\t\t\t<div class=\"elementor-widget-container\">\n\t\t\t<style>\/*! elementor - v3.19.0 - 05-02-2024 *\/\n.elementor-widget-video .elementor-widget-container{overflow:hidden;transform:translateZ(0)}.elementor-widget-video .elementor-wrapper{aspect-ratio:var(--video-aspect-ratio)}.elementor-widget-video .elementor-wrapper iframe,.elementor-widget-video .elementor-wrapper video{height:100%;width:100%;display:flex;border:none;background-color:#000}@supports not (aspect-ratio:1\/1){.elementor-widget-video .elementor-wrapper{position:relative;overflow:hidden;height:0;padding-bottom:calc(100% \/ var(--video-aspect-ratio))}.elementor-widget-video .elementor-wrapper iframe,.elementor-widget-video .elementor-wrapper video{position:absolute;top:0;right:0;bottom:0;left:0}}.elementor-widget-video .elementor-open-inline .elementor-custom-embed-image-overlay{position:absolute;top:0;right:0;bottom:0;left:0;background-size:cover;background-position:50%}.elementor-widget-video .elementor-custom-embed-image-overlay{cursor:pointer;text-align:center}.elementor-widget-video .elementor-custom-embed-image-overlay:hover .elementor-custom-embed-play i{opacity:1}.elementor-widget-video .elementor-custom-embed-image-overlay img{display:block;width:100%;aspect-ratio:var(--video-aspect-ratio);-o-object-fit:cover;object-fit:cover;-o-object-position:center center;object-position:center center}@supports not (aspect-ratio:1\/1){.elementor-widget-video .elementor-custom-embed-image-overlay{position:relative;overflow:hidden;height:0;padding-bottom:calc(100% \/ var(--video-aspect-ratio))}.elementor-widget-video .elementor-custom-embed-image-overlay img{position:absolute;top:0;right:0;bottom:0;left:0}}.elementor-widget-video .e-hosted-video .elementor-video{-o-object-fit:cover;object-fit:cover}.e-con-inner>.elementor-widget-video,.e-con>.elementor-widget-video{width:var(--container-widget-width);--flex-grow:var(--container-widget-flex-grow)}<\/style>\t\t<div class=\"elementor-wrapper elementor-open-inline\">\n\t\t\t<div class=\"elementor-video\"><\/div>\t\t<\/div>\n\t\t\t\t<\/div>\n\t\t\t\t<\/div>\n\t\t\t\t<div class=\"elementor-element elementor-element-449adca9 elementor-widget elementor-widget-text-editor\" data-id=\"449adca9\" data-element_type=\"widget\" data-widget_type=\"text-editor.default\">\n\t\t\t\t<div class=\"elementor-widget-container\">\n\t\t\t<style>\/*! elementor - v3.19.0 - 05-02-2024 *\/\n.elementor-widget-text-editor.elementor-drop-cap-view-stacked .elementor-drop-cap{background-color:#69727d;color:#fff}.elementor-widget-text-editor.elementor-drop-cap-view-framed .elementor-drop-cap{color:#69727d;border:3px solid;background-color:transparent}.elementor-widget-text-editor:not(.elementor-drop-cap-view-default) .elementor-drop-cap{margin-top:8px}.elementor-widget-text-editor:not(.elementor-drop-cap-view-default) .elementor-drop-cap-letter{width:1em;height:1em}.elementor-widget-text-editor .elementor-drop-cap{float:left;text-align:center;line-height:1;font-size:50px}.elementor-widget-text-editor .elementor-drop-cap-letter{display:inline-block}<\/style>\t\t\t\t<p style=\"text-align: center;\">Utilizar Reels \u00e9 uma excelente maneira de destacar os pontos fortes do seu restaurante para a audi\u00eancia proveniente do tr\u00e1fego pago.<\/p>\t\t\t\t\t\t<\/div>\n\t\t\t\t<\/div>\n\t\t\t\t<div class=\"elementor-element elementor-element-34840106 elementor-widget elementor-widget-image\" data-id=\"34840106\" data-element_type=\"widget\" data-widget_type=\"image.default\">\n\t\t\t\t<div class=\"elementor-widget-container\">\n\t\t\t\t\t\t\t\t\t\t\t\t\t<img loading=\"lazy\" decoding=\"async\" width=\"1024\" height=\"1024\" src=\"https:\/\/fayer.com.br\/wp-content\/uploads\/2024\/05\/PNG-TRAFGO-1024x1024.png\" class=\"attachment-large size-large wp-image-29\" alt=\"\" srcset=\"https:\/\/fayer.com.br\/wp-content\/uploads\/2024\/05\/PNG-TRAFGO-1024x1024.png 1024w, https:\/\/fayer.com.br\/wp-content\/uploads\/2024\/05\/PNG-TRAFGO-300x300.png 300w, https:\/\/fayer.com.br\/wp-content\/uploads\/2024\/05\/PNG-TRAFGO-150x150.png 150w, https:\/\/fayer.com.br\/wp-content\/uploads\/2024\/05\/PNG-TRAFGO-768x768.png 768w, https:\/\/fayer.com.br\/wp-content\/uploads\/2024\/05\/PNG-TRAFGO.png 1080w\" sizes=\"(max-width: 1024px) 100vw, 1024px\" \/>\t\t\t\t\t\t\t\t\t\t\t\t\t<\/div>\n\t\t\t\t<\/div>\n\t\t\t\t<div class=\"elementor-element elementor-element-557fae6 elementor-widget elementor-widget-image\" data-id=\"557fae6\" data-element_type=\"widget\" data-widget_type=\"image.default\">\n\t\t\t\t<div class=\"elementor-widget-container\">\n\t\t\t\t\t\t\t\t\t\t\t\t\t<img loading=\"lazy\" decoding=\"async\" width=\"918\" height=\"324\" src=\"https:\/\/fayer.com.br\/wp-content\/uploads\/2024\/05\/ai.png\" class=\"attachment-large size-large wp-image-30\" alt=\"\" srcset=\"https:\/\/fayer.com.br\/wp-content\/uploads\/2024\/05\/ai.png 918w, https:\/\/fayer.com.br\/wp-content\/uploads\/2024\/05\/ai-300x106.png 300w, https:\/\/fayer.com.br\/wp-content\/uploads\/2024\/05\/ai-768x271.png 768w\" sizes=\"(max-width: 918px) 100vw, 918px\" \/>\t\t\t\t\t\t\t\t\t\t\t\t\t<\/div>\n\t\t\t\t<\/div>\n\t\t\t\t<div class=\"elementor-element elementor-element-592babbf elementor-widget elementor-widget-text-editor\" data-id=\"592babbf\" data-element_type=\"widget\" data-widget_type=\"text-editor.default\">\n\t\t\t\t<div class=\"elementor-widget-container\">\n\t\t\t\t\t\t\t<p><strong>O <span style=\"color: #ff6600;\">nosso m\u00e9todo de tr\u00e1fego<\/span> pago \u00e9 indiscutivelmente o destaque do nosso plano. <span style=\"color: #ff6600;\">Ele atrai novos seguidores e clientes<\/span> interessados em frequentar o seu estabelecimento. A partir desse m\u00e9todo, desenvolvemos o curso Movimenta A\u00ed para bares e restaurantes,<span style=\"color: #ff6600;\"> e \u00e9 ele que vamos implementar no seu neg\u00f3cio. <\/span>Caso queira conhecer \u00e9 s\u00f3 clicar no bot\u00e3o abaixo.<\/strong><\/p>\t\t\t\t\t\t<\/div>\n\t\t\t\t<\/div>\n\t\t\t\t<div class=\"elementor-element elementor-element-76054a67 elementor-align-center elementor-widget elementor-widget-button\" data-id=\"76054a67\" data-element_type=\"widget\" data-widget_type=\"button.default\">\n\t\t\t\t<div class=\"elementor-widget-container\">\n\t\t\t\t\t<div class=\"elementor-button-wrapper\">\n\t\t\t<a class=\"elementor-button elementor-button-link elementor-size-xs\" href=\"https:\/\/movimentaai.com.br\/\">\n\t\t\t\t\t\t<span class=\"elementor-button-content-wrapper\">\n\t\t\t\t\t\t<span class=\"elementor-button-text\">movimenta ai curso.<\/span>\n\t\t<\/span>\n\t\t\t\t\t<\/a>\n\t\t<\/div>\n\t\t\t\t<\/div>\n\t\t\t\t<\/div>\n\t\t\t\t<div class=\"elementor-element elementor-element-7237f1f8 elementor-widget elementor-widget-image\" data-id=\"7237f1f8\" data-element_type=\"widget\" data-widget_type=\"image.default\">\n\t\t\t\t<div class=\"elementor-widget-container\">\n\t\t\t\t\t\t\t\t\t\t\t\t\t<img loading=\"lazy\" decoding=\"async\" width=\"397\" height=\"226\" src=\"https:\/\/fayer.com.br\/wp-content\/uploads\/2024\/05\/TUDO-O-QUE-VC.png\" class=\"attachment-large size-large wp-image-31\" alt=\"\" srcset=\"https:\/\/fayer.com.br\/wp-content\/uploads\/2024\/05\/TUDO-O-QUE-VC.png 397w, https:\/\/fayer.com.br\/wp-content\/uploads\/2024\/05\/TUDO-O-QUE-VC-300x171.png 300w\" sizes=\"(max-width: 397px) 100vw, 397px\" \/>\t\t\t\t\t\t\t\t\t\t\t\t\t<\/div>\n\t\t\t\t<\/div>\n\t\t\t\t<div class=\"elementor-element elementor-element-3bea4ef1 elementor-widget elementor-widget-text-editor\" data-id=\"3bea4ef1\" data-element_type=\"widget\" data-widget_type=\"text-editor.default\">\n\t\t\t\t<div class=\"elementor-widget-container\">\n\t\t\t\t\t\t\t<p style=\"text-align: center;\">Acima est\u00e3o alguns exemplos de aplica\u00e7\u00f5es inclu\u00eddas em nossos planos. <span style=\"color: #ff6600;\">Abaixo, apresentaremos as op\u00e7\u00f5es dispon\u00edveis<\/span> e o que cada uma contempla, para que voc\u00ea possa escolher a que melhor atende \u00e0s suas necessidades:<\/p>\t\t\t\t\t\t<\/div>\n\t\t\t\t<\/div>\n\t\t\t\t<div class=\"elementor-element elementor-element-7b146e0b elementor-widget elementor-widget-image\" data-id=\"7b146e0b\" data-element_type=\"widget\" data-widget_type=\"image.default\">\n\t\t\t\t<div class=\"elementor-widget-container\">\n\t\t\t\t\t\t\t\t\t\t\t\t\t<img loading=\"lazy\" decoding=\"async\" width=\"1024\" height=\"1024\" src=\"https:\/\/fayer.com.br\/wp-content\/uploads\/2024\/05\/pro-1024x1024.png\" class=\"attachment-large size-large wp-image-32\" alt=\"\" srcset=\"https:\/\/fayer.com.br\/wp-content\/uploads\/2024\/05\/pro-1024x1024.png 1024w, https:\/\/fayer.com.br\/wp-content\/uploads\/2024\/05\/pro-300x300.png 300w, https:\/\/fayer.com.br\/wp-content\/uploads\/2024\/05\/pro-150x150.png 150w, https:\/\/fayer.com.br\/wp-content\/uploads\/2024\/05\/pro-768x768.png 768w, https:\/\/fayer.com.br\/wp-content\/uploads\/2024\/05\/pro.png 1080w\" sizes=\"(max-width: 1024px) 100vw, 1024px\" \/>\t\t\t\t\t\t\t\t\t\t\t\t\t<\/div>\n\t\t\t\t<\/div>\n\t\t\t\t<div class=\"elementor-element elementor-element-3ca6bc01 elementor-widget elementor-widget-image\" data-id=\"3ca6bc01\" data-element_type=\"widget\" data-widget_type=\"image.default\">\n\t\t\t\t<div class=\"elementor-widget-container\">\n\t\t\t\t\t\t\t\t\t\t\t\t\t<img loading=\"lazy\" decoding=\"async\" width=\"1024\" height=\"1024\" src=\"https:\/\/fayer.com.br\/wp-content\/uploads\/2024\/05\/plano-top-1-1024x1024.png\" class=\"attachment-large size-large wp-image-33\" alt=\"\" srcset=\"https:\/\/fayer.com.br\/wp-content\/uploads\/2024\/05\/plano-top-1-1024x1024.png 1024w, https:\/\/fayer.com.br\/wp-content\/uploads\/2024\/05\/plano-top-1-300x300.png 300w, https:\/\/fayer.com.br\/wp-content\/uploads\/2024\/05\/plano-top-1-150x150.png 150w, https:\/\/fayer.com.br\/wp-content\/uploads\/2024\/05\/plano-top-1-768x768.png 768w, https:\/\/fayer.com.br\/wp-content\/uploads\/2024\/05\/plano-top-1.png 1080w\" sizes=\"(max-width: 1024px) 100vw, 1024px\" \/>\t\t\t\t\t\t\t\t\t\t\t\t\t<\/div>\n\t\t\t\t<\/div>\n\t\t\t\t<div class=\"elementor-element elementor-element-2abb8d84 elementor-widget elementor-widget-image\" data-id=\"2abb8d84\" data-element_type=\"widget\" data-widget_type=\"image.default\">\n\t\t\t\t<div class=\"elementor-widget-container\">\n\t\t\t\t\t\t\t\t\t\t\t\t\t<img loading=\"lazy\" decoding=\"async\" width=\"1024\" height=\"1024\" src=\"https:\/\/fayer.com.br\/wp-content\/uploads\/2024\/05\/plano-personal-1024x1024.png\" class=\"attachment-large size-large wp-image-34\" alt=\"\" srcset=\"https:\/\/fayer.com.br\/wp-content\/uploads\/2024\/05\/plano-personal-1024x1024.png 1024w, https:\/\/fayer.com.br\/wp-content\/uploads\/2024\/05\/plano-personal-300x300.png 300w, https:\/\/fayer.com.br\/wp-content\/uploads\/2024\/05\/plano-personal-150x150.png 150w, https:\/\/fayer.com.br\/wp-content\/uploads\/2024\/05\/plano-personal-768x768.png 768w, https:\/\/fayer.com.br\/wp-content\/uploads\/2024\/05\/plano-personal.png 1080w\" sizes=\"(max-width: 1024px) 100vw, 1024px\" \/>\t\t\t\t\t\t\t\t\t\t\t\t\t<\/div>\n\t\t\t\t<\/div>\n\t\t\t\t<div class=\"elementor-element elementor-element-330d9f33 elementor-align-center elementor-widget elementor-widget-button\" data-id=\"330d9f33\" data-element_type=\"widget\" data-widget_type=\"button.default\">\n\t\t\t\t<div class=\"elementor-widget-container\">\n\t\t\t\t\t<div class=\"elementor-button-wrapper\">\n\t\t\t<a class=\"elementor-button elementor-button-link elementor-size-xs\" href=\"https:\/\/api.whatsapp.com\/send?phone=5532984869729&#038;text=ATENDIMENTO%20SITE\">\n\t\t\t\t\t\t<span class=\"elementor-button-content-wrapper\">\n\t\t\t\t\t\t<span class=\"elementor-button-text\">AGENDE UMA REUNI\u00c3O AGORA<\/span>\n\t\t<\/span>\n\t\t\t\t\t<\/a>\n\t\t<\/div>\n\t\t\t\t<\/div>\n\t\t\t\t<\/div>\n\t\t\t\t<div class=\"elementor-element elementor-element-728fdd40 elementor-widget elementor-widget-image\" data-id=\"728fdd40\" data-element_type=\"widget\" data-widget_type=\"image.default\">\n\t\t\t\t<div class=\"elementor-widget-container\">\n\t\t\t\t\t\t\t\t\t\t\t\t\t<img loading=\"lazy\" decoding=\"async\" width=\"1024\" height=\"1024\" src=\"https:\/\/fayer.com.br\/wp-content\/uploads\/2024\/05\/cleintes-png-1-1024x1024.png\" class=\"attachment-large size-large wp-image-35\" alt=\"\" srcset=\"https:\/\/fayer.com.br\/wp-content\/uploads\/2024\/05\/cleintes-png-1-1024x1024.png 1024w, https:\/\/fayer.com.br\/wp-content\/uploads\/2024\/05\/cleintes-png-1-300x300.png 300w, https:\/\/fayer.com.br\/wp-content\/uploads\/2024\/05\/cleintes-png-1-150x150.png 150w, https:\/\/fayer.com.br\/wp-content\/uploads\/2024\/05\/cleintes-png-1-768x768.png 768w, https:\/\/fayer.com.br\/wp-content\/uploads\/2024\/05\/cleintes-png-1.png 1080w\" sizes=\"(max-width: 1024px) 100vw, 1024px\" \/>\t\t\t\t\t\t\t\t\t\t\t\t\t<\/div>\n\t\t\t\t<\/div>\n\t\t\t\t<\/div>\n\t\t\t\t<section class=\"elementor-section elementor-top-section elementor-element elementor-element-64b66ce2 elementor-section-boxed elementor-section-height-default elementor-section-height-default\" data-id=\"64b66ce2\" data-element_type=\"section\" data-settings=\"{&quot;background_background&quot;:&quot;classic&quot;,&quot;shape_divider_bottom&quot;:&quot;pyramids&quot;,&quot;shape_divider_top&quot;:&quot;pyramids&quot;}\">\n\t\t\t\t\t\t\t<div class=\"elementor-background-overlay\"><\/div>\n\t\t\t\t\t\t<div class=\"elementor-shape elementor-shape-top\" data-negative=\"false\">\n\t\t\t<svg xmlns=\"http:\/\/www.w3.org\/2000\/svg\" viewBox=\"0 0 1000 100\" preserveAspectRatio=\"none\">\n\t<path class=\"elementor-shape-fill\" d=\"M761.9,44.1L643.1,27.2L333.8,98L0,3.8V0l1000,0v3.9\"\/>\n<\/svg>\t\t<\/div>\n\t\t\t\t<div class=\"elementor-shape elementor-shape-bottom\" data-negative=\"false\">\n\t\t\t<svg xmlns=\"http:\/\/www.w3.org\/2000\/svg\" viewBox=\"0 0 1000 100\" preserveAspectRatio=\"none\">\n\t<path class=\"elementor-shape-fill\" d=\"M761.9,44.1L643.1,27.2L333.8,98L0,3.8V0l1000,0v3.9\"\/>\n<\/svg>\t\t<\/div>\n\t\t\t\t\t<div class=\"elementor-container elementor-column-gap-default\">\n\t\t\t\t\t<div class=\"elementor-column elementor-col-50 elementor-top-column elementor-element elementor-element-5c13a9c0\" data-id=\"5c13a9c0\" data-element_type=\"column\">\n\t\t\t<div class=\"elementor-widget-wrap elementor-element-populated\">\n\t\t\t\t\t\t<div class=\"elementor-element elementor-element-73f6e017 elementor-widget elementor-widget-heading\" data-id=\"73f6e017\" data-element_type=\"widget\" data-widget_type=\"heading.default\">\n\t\t\t\t<div class=\"elementor-widget-container\">\n\t\t\t<style>\/*! elementor - v3.19.0 - 05-02-2024 *\/\n.elementor-heading-title{padding:0;margin:0;line-height:1}.elementor-widget-heading .elementor-heading-title[class*=elementor-size-]>a{color:inherit;font-size:inherit;line-height:inherit}.elementor-widget-heading .elementor-heading-title.elementor-size-small{font-size:15px}.elementor-widget-heading .elementor-heading-title.elementor-size-medium{font-size:19px}.elementor-widget-heading .elementor-heading-title.elementor-size-large{font-size:29px}.elementor-widget-heading .elementor-heading-title.elementor-size-xl{font-size:39px}.elementor-widget-heading .elementor-heading-title.elementor-size-xxl{font-size:59px}<\/style><h2 class=\"elementor-heading-title elementor-size-default\"><br>Nicolas Fayer<\/h2>\t\t<\/div>\n\t\t\t\t<\/div>\n\t\t\t\t<div class=\"elementor-element elementor-element-5d5b6eaa elementor-widget elementor-widget-text-editor\" data-id=\"5d5b6eaa\" data-element_type=\"widget\" data-widget_type=\"text-editor.default\">\n\t\t\t\t<div class=\"elementor-widget-container\">\n\t\t\t\t\t\t\t<p>Nicolas, um especialista em m\u00eddia social e gest\u00e3o de tr\u00e1fego, dedicou sete anos aprimorando estrat\u00e9gias para estabelecimentos diversos. Ap\u00f3s aventurar-se como empreendedor no ramo de Restaurantes, percebeu que, apesar de ter um produto excepcional, a aus\u00eancia de um marketing eficiente levou ao fechamento do neg\u00f3cio. Determinado a transformar sua experi\u00eancia em sucesso, embarcou em uma jornada para descobrir o que realmente impulsiona restaurantes. Hoje, com uma carteira diversificada de clientes, a maioria desfrutando de resultados not\u00e1veis, Nicolas se destaca como o profissional que pode fazer a diferen\u00e7a para o seu estabelecimento. Aprenda com quem superou desafios e conquistou o sucesso no competitivo mercado da gastronomia.<\/p>\t\t\t\t\t\t<\/div>\n\t\t\t\t<\/div>\n\t\t\t\t\t<\/div>\n\t\t<\/div>\n\t\t\t\t<div class=\"elementor-column elementor-col-50 elementor-top-column elementor-element elementor-element-233b58fb\" data-id=\"233b58fb\" data-element_type=\"column\">\n\t\t\t<div class=\"elementor-widget-wrap elementor-element-populated\">\n\t\t\t\t\t\t<div class=\"elementor-element elementor-element-66aac8a2 elementor-widget elementor-widget-image\" data-id=\"66aac8a2\" data-element_type=\"widget\" data-widget_type=\"image.default\">\n\t\t\t\t<div class=\"elementor-widget-container\">\n\t\t\t\t\t\t\t\t\t\t\t\t\t<img loading=\"lazy\" decoding=\"async\" width=\"1024\" height=\"1024\" src=\"https:\/\/fayer.com.br\/wp-content\/uploads\/2024\/05\/170971170_3785319444896143_8088404371577366445_n-1024x1024.jpg\" class=\"attachment-large size-large wp-image-36\" alt=\"\" srcset=\"https:\/\/fayer.com.br\/wp-content\/uploads\/2024\/05\/170971170_3785319444896143_8088404371577366445_n-1024x1024.jpg 1024w, https:\/\/fayer.com.br\/wp-content\/uploads\/2024\/05\/170971170_3785319444896143_8088404371577366445_n-300x300.jpg 300w, https:\/\/fayer.com.br\/wp-content\/uploads\/2024\/05\/170971170_3785319444896143_8088404371577366445_n-150x150.jpg 150w, https:\/\/fayer.com.br\/wp-content\/uploads\/2024\/05\/170971170_3785319444896143_8088404371577366445_n-768x768.jpg 768w, https:\/\/fayer.com.br\/wp-content\/uploads\/2024\/05\/170971170_3785319444896143_8088404371577366445_n.jpg 1112w\" sizes=\"(max-width: 1024px) 100vw, 1024px\" \/>\t\t\t\t\t\t\t\t\t\t\t\t\t<\/div>\n\t\t\t\t<\/div>\n\t\t\t\t\t<\/div>\n\t\t<\/div>\n\t\t\t\t\t<\/div>\n\t\t<\/section>\n\t\t<div class=\"elementor-element elementor-element-5820b61d e-flex e-con-boxed e-con e-parent\" data-id=\"5820b61d\" data-element_type=\"container\" data-settings=\"{&quot;content_width&quot;:&quot;boxed&quot;}\" data-core-v316-plus=\"true\">\n\t\t\t\t\t<div class=\"e-con-inner\">\n\t\t\t\t\t<\/div>\n\t\t\t\t<\/div>\n\t\t\t\t<\/div>\n\t\t","protected":false},"excerpt":{"rendered":"<p>atendimento por whatsapp https:\/\/youtu.be\/-JQiLdjlGZA Utilizar Reels \u00e9 uma excelente maneira de destacar os pontos fortes do seu restaurante para a audi\u00eancia proveniente do tr\u00e1fego pago. O nosso m\u00e9todo de tr\u00e1fego pago \u00e9 indiscutivelmente o destaque do nosso plano. Ele atrai novos seguidores e clientes interessados em frequentar o seu estabelecimento. A partir desse m\u00e9todo, desenvolvemos [&hellip;]<\/p>\n","protected":false},"author":1,"featured_media":0,"parent":0,"menu_order":0,"comment_status":"closed","ping_status":"closed","template":"elementor_canvas","meta":{"footnotes":""},"_links":{"self":[{"href":"https:\/\/fayer.com.br\/index.php\/wp-json\/wp\/v2\/pages\/7"}],"collection":[{"href":"https:\/\/fayer.com.br\/index.php\/wp-json\/wp\/v2\/pages"}],"about":[{"href":"https:\/\/fayer.com.br\/index.php\/wp-json\/wp\/v2\/types\/page"}],"author":[{"embeddable":true,"href":"https:\/\/fayer.com.br\/index.php\/wp-json\/wp\/v2\/users\/1"}],"replies":[{"embeddable":true,"href":"https:\/\/fayer.com.br\/index.php\/wp-json\/wp\/v2\/comments?post=7"}],"version-history":[{"count":22,"href":"https:\/\/fayer.com.br\/index.php\/wp-json\/wp\/v2\/pages\/7\/revisions"}],"predecessor-version":[{"id":68,"href":"https:\/\/fayer.com.br\/index.php\/wp-json\/wp\/v2\/pages\/7\/revisions\/68"}],"wp:attachment":[{"href":"https:\/\/fayer.com.br\/index.php\/wp-json\/wp\/v2\/media?parent=7"}],"curies":[{"name":"wp","href":"https:\/\/api.w.org\/{rel}","templated":true}]}}